{"id":393,"date":"2022-05-05T11:07:09","date_gmt":"2022-05-05T11:07:09","guid":{"rendered":"https:\/\/lese-maskottchen.at\/?page_id=393"},"modified":"2022-05-25T06:39:37","modified_gmt":"2022-05-25T06:39:37","slug":"schul-informationen","status":"publish","type":"page","link":"https:\/\/lese-maskottchen.at\/index.php\/schul-informationen\/","title":{"rendered":"Schul-Informationen"},"content":{"rendered":"\n<div class=\"wp-block-cover alignfull is-light\" style=\"min-height:700px;aspect-ratio:unset;\"><span aria-hidden=\"true\" class=\"wp-block-cover__background has-background-dim-0 has-background-dim\"><\/span><img loading=\"lazy\" decoding=\"async\" width=\"2560\" height=\"1810\" class=\"wp-block-cover__image-background wp-image-367\" alt=\"\" src=\"https:\/\/lese-maskottchen.at\/wp-content\/uploads\/2022\/05\/Unbenannt-2-3-scaled.jpg\" style=\"object-position:50% 80%\" data-object-fit=\"cover\" data-object-position=\"50% 80%\" srcset=\"https:\/\/lese-maskottchen.at\/wp-content\/uploads\/2022\/05\/Unbenannt-2-3-scaled.jpg 2560w, https:\/\/lese-maskottchen.at\/wp-content\/uploads\/2022\/05\/Unbenannt-2-3-300x212.jpg 300w, https:\/\/lese-maskottchen.at\/wp-content\/uploads\/2022\/05\/Unbenannt-2-3-1024x724.jpg 1024w, https:\/\/lese-maskottchen.at\/wp-content\/uploads\/2022\/05\/Unbenannt-2-3-768x543.jpg 768w, https:\/\/lese-maskottchen.at\/wp-content\/uploads\/2022\/05\/Unbenannt-2-3-1536x1086.jpg 1536w, https:\/\/lese-maskottchen.at\/wp-content\/uploads\/2022\/05\/Unbenannt-2-3-2048x1448.jpg 2048w\" sizes=\"auto, (max-width: 2560px) 100vw, 2560px\" \/><div class=\"wp-block-cover__inner-container is-layout-flow wp-block-cover-is-layout-flow\">\n<h1 class=\"has-text-align-center has-text-color wp-block-heading\" style=\"color:#ff0000\">Informationen f\u00fcr die Schule<\/h1>\n<\/div><\/div>\n\n\n\n<div style=\"height:100px\" aria-hidden=\"true\" class=\"wp-block-spacer\"><\/div>\n\n\n\n<p class=\"has-text-color\" style=\"color:#ff9501\"><strong>Liebe Direktorinnen und Direktoren, <br>Liebe P\u00e4dagoginnen und P\u00e4dagogen!<\/strong><\/p>\n\n\n\n<p>Lesen fordert und f\u00f6rdert \u2013 und das macht unsere Kinder schlau! Mit diesem Kreativ-Wettbewerb wollen wir unsere Sch\u00fclerinnen und Sch\u00fcler ermutigten mehr zu lesen und ihre Kreativit\u00e4t zu entfalten.<\/p>\n\n\n\n<div style=\"height:10px\" aria-hidden=\"true\" class=\"wp-block-spacer\"><\/div>\n\n\n\n<p><strong>Das ist wichtig f\u00fcr Sie:<\/strong><\/p>\n\n\n\n<ul class=\"wp-block-list\"><li>Die Einverst\u00e4ndiserkl\u00e4rungen, welche den Kindern mit nach Hause gegeben, bis Mitte Juni ausgef\u00fcllt und unterschrieben wieder von den Kindern mit in die Schule gebracht werden m\u00fcssen. Ohne diese Einverst\u00e4ndnis d\u00fcrfen die Werke nicht in die Bewertung miteinflie\u00dfen.<\/li><li>Lassen Sie den Kindern freien Lauf bei der Gestaltung und erfragen Sie den Namen und die besonderen Eigenschaften der\/s Superheldin\/en.<\/li><li>Als Hilfestellung spielen Sie den Kindern das Audio-File vor, das Sie\u00a0<em><a href=\"https:\/\/lese-maskottchen.at\/wp-content\/uploads\/2022\/05\/Lese-Maskottchen.mp3\">hier<\/a>\u00a0<\/em>finden.<\/li><li>Sammeln Sie alle Werke und bringen Sie diese bitte in den f\u00fcr Sie zust\u00e4ndigen Dienstort der Bundesstelle Burgenland (bis sp\u00e4testens 21. Juni 2022).<\/li><li>F\u00fcr die flei\u00dfigsten Schulen gibt es B\u00fccherpakete und tolle Preise zu gewinnen.<\/li><\/ul>\n\n\n\n<p>Das Informationsblatt f\u00fcr die Schulen sowie die Elterninformations-Folder finden Sie hier:<\/p>\n\n\n\n<div class=\"wp-block-columns is-layout-flex wp-container-core-columns-is-layout-9d6595d7 wp-block-columns-is-layout-flex\">\n<div class=\"wp-block-column is-layout-flow wp-block-column-is-layout-flow\" style=\"flex-basis:50%\">\n<figure class=\"wp-block-image size-large is-resized\"><img loading=\"lazy\" decoding=\"async\" src=\"https:\/\/lese-maskottchen.at\/wp-content\/uploads\/2022\/05\/Deckblatt-724x1024.jpg\" alt=\"\" class=\"wp-image-730\" width=\"363\" height=\"512\" srcset=\"https:\/\/lese-maskottchen.at\/wp-content\/uploads\/2022\/05\/Deckblatt-724x1024.jpg 724w, https:\/\/lese-maskottchen.at\/wp-content\/uploads\/2022\/05\/Deckblatt-212x300.jpg 212w, https:\/\/lese-maskottchen.at\/wp-content\/uploads\/2022\/05\/Deckblatt-768x1086.jpg 768w, https:\/\/lese-maskottchen.at\/wp-content\/uploads\/2022\/05\/Deckblatt-1086x1536.jpg 1086w, https:\/\/lese-maskottchen.at\/wp-content\/uploads\/2022\/05\/Deckblatt.jpg 1240w\" sizes=\"auto, (max-width: 363px) 100vw, 363px\" \/><\/figure>\n\n\n\n<div style=\"height:20px\" aria-hidden=\"true\" class=\"wp-block-spacer\"><\/div>\n\n\n\n<div class=\"wp-block-buttons is-layout-flex wp-block-buttons-is-layout-flex\">\n<div class=\"wp-block-button is-style-primary\"><a class=\"wp-block-button__link\" href=\"https:\/\/lese-maskottchen.at\/wp-content\/uploads\/2022\/05\/BGLD-Lese-Maskottchen_Schul-Info_20220523_Email.pdf\" target=\"_blank\" rel=\"noreferrer noopener\">PDF Download<\/a><\/div>\n<\/div>\n<\/div>\n\n\n\n<div class=\"wp-block-column is-layout-flow wp-block-column-is-layout-flow\" style=\"flex-basis:250px\">\n<figure class=\"wp-block-image size-large is-resized\"><img loading=\"lazy\" decoding=\"async\" src=\"https:\/\/lese-maskottchen.at\/wp-content\/uploads\/2022\/05\/SeiteEltern-1-465x1024.jpg\" alt=\"\" class=\"wp-image-599\" width=\"233\" height=\"512\" srcset=\"https:\/\/lese-maskottchen.at\/wp-content\/uploads\/2022\/05\/SeiteEltern-1-465x1024.jpg 465w, https:\/\/lese-maskottchen.at\/wp-content\/uploads\/2022\/05\/SeiteEltern-1-136x300.jpg 136w, https:\/\/lese-maskottchen.at\/wp-content\/uploads\/2022\/05\/SeiteEltern-1-768x1689.jpg 768w, https:\/\/lese-maskottchen.at\/wp-content\/uploads\/2022\/05\/SeiteEltern-1-698x1536.jpg 698w, https:\/\/lese-maskottchen.at\/wp-content\/uploads\/2022\/05\/SeiteEltern-1-931x2048.jpg 931w, https:\/\/lese-maskottchen.at\/wp-content\/uploads\/2022\/05\/SeiteEltern-1-scaled.jpg 1164w\" sizes=\"auto, (max-width: 233px) 100vw, 233px\" \/><\/figure>\n\n\n\n<div style=\"height:20px\" aria-hidden=\"true\" class=\"wp-block-spacer\"><\/div>\n\n\n\n<div class=\"wp-block-buttons is-layout-flex wp-block-buttons-is-layout-flex\">\n<div class=\"wp-block-button is-style-primary\"><a class=\"wp-block-button__link\" href=\"https:\/\/lese-maskottchen.at\/wp-content\/uploads\/2022\/05\/BGLD-Lese-Maskottchen_Eltern-Info_20220523_Email1.pdf\" target=\"_blank\" rel=\"noreferrer noopener\">PDF Download<\/a><\/div>\n<\/div>\n<\/div>\n<\/div>\n\n\n\n<div style=\"height:20px\" aria-hidden=\"true\" class=\"wp-block-spacer\"><\/div>\n\n\n\n<p><strong>Danke f\u00fcr die Unterst\u00fctzung und wir dr\u00fccken die Daumen.<\/strong><\/p>\n\n\n\n<div style=\"height:100px\" aria-hidden=\"true\" class=\"wp-block-spacer\"><\/div>\n","protected":false},"excerpt":{"rendered":"<p>Liebe Direktorinnen und Direktoren, Liebe P\u00e4dagoginnen und P\u00e4dagogen! Lesen fordert und f\u00f6rdert \u2013 und das macht unsere Kinder schlau! Mit diesem Kreativ-Wettbewerb wollen wir unsere Sch\u00fclerinnen und Sch\u00fcler ermutigten mehr zu lesen und ihre Kreativit\u00e4t zu entfalten. Das ist wichtig f\u00fcr Sie: Die Einverst\u00e4ndiserkl\u00e4rungen, welche den Kindern mit nach Hause gegeben, bis Mitte Juni ausgef\u00fcllt&hellip;&nbsp;<a href=\"https:\/\/lese-maskottchen.at\/index.php\/schul-informationen\/\" class=\"\" rel=\"bookmark\">Weiterlesen &raquo;<span class=\"screen-reader-text\">Schul-Informationen<\/span><\/a><\/p>\n","protected":false},"author":1,"featured_media":0,"parent":0,"menu_order":0,"comment_status":"closed","ping_status":"closed","template":"","meta":{"neve_meta_sidebar":"","neve_meta_container":"default","neve_meta_enable_content_width":"","neve_meta_content_width":0,"neve_meta_title_alignment":"","neve_meta_author_avatar":"","neve_post_elements_order":"","neve_meta_disable_header":"off","neve_meta_disable_footer":"","neve_meta_disable_title":"on","footnotes":""},"class_list":["post-393","page","type-page","status-publish","hentry"],"_links":{"self":[{"href":"https:\/\/lese-maskottchen.at\/index.php\/wp-json\/wp\/v2\/pages\/393","targetHints":{"allow":["GET"]}}],"collection":[{"href":"https:\/\/lese-maskottchen.at\/index.php\/wp-json\/wp\/v2\/pages"}],"about":[{"href":"https:\/\/lese-maskottchen.at\/index.php\/wp-json\/wp\/v2\/types\/page"}],"author":[{"embeddable":true,"href":"https:\/\/lese-maskottchen.at\/index.php\/wp-json\/wp\/v2\/users\/1"}],"replies":[{"embeddable":true,"href":"https:\/\/lese-maskottchen.at\/index.php\/wp-json\/wp\/v2\/comments?post=393"}],"version-history":[{"count":50,"href":"https:\/\/lese-maskottchen.at\/index.php\/wp-json\/wp\/v2\/pages\/393\/revisions"}],"predecessor-version":[{"id":731,"href":"https:\/\/lese-maskottchen.at\/index.php\/wp-json\/wp\/v2\/pages\/393\/revisions\/731"}],"wp:attachment":[{"href":"https:\/\/lese-maskottchen.at\/index.php\/wp-json\/wp\/v2\/media?parent=393"}],"curies":[{"name":"wp","href":"https:\/\/api.w.org\/{rel}","templated":true}]}}