{"id":392,"date":"2022-05-05T11:07:09","date_gmt":"2022-05-05T11:07:09","guid":{"rendered":"https:\/\/lese-maskottchen.at\/?page_id=392"},"modified":"2022-05-25T06:40:21","modified_gmt":"2022-05-25T06:40:21","slug":"eltern-informationen","status":"publish","type":"page","link":"https:\/\/lese-maskottchen.at\/index.php\/eltern-informationen\/","title":{"rendered":"Eltern-Informationen"},"content":{"rendered":"\n<div class=\"wp-block-cover alignfull is-light\" style=\"min-height:700px;aspect-ratio:unset;\"><span aria-hidden=\"true\" class=\"wp-block-cover__background has-background-dim-0 has-background-dim\"><\/span><img loading=\"lazy\" decoding=\"async\" width=\"2560\" height=\"1810\" class=\"wp-block-cover__image-background wp-image-367\" alt=\"\" src=\"https:\/\/lese-maskottchen.at\/wp-content\/uploads\/2022\/05\/Unbenannt-2-3-scaled.jpg\" style=\"object-position:50% 80%\" data-object-fit=\"cover\" data-object-position=\"50% 80%\" srcset=\"https:\/\/lese-maskottchen.at\/wp-content\/uploads\/2022\/05\/Unbenannt-2-3-scaled.jpg 2560w, https:\/\/lese-maskottchen.at\/wp-content\/uploads\/2022\/05\/Unbenannt-2-3-300x212.jpg 300w, https:\/\/lese-maskottchen.at\/wp-content\/uploads\/2022\/05\/Unbenannt-2-3-1024x724.jpg 1024w, https:\/\/lese-maskottchen.at\/wp-content\/uploads\/2022\/05\/Unbenannt-2-3-768x543.jpg 768w, https:\/\/lese-maskottchen.at\/wp-content\/uploads\/2022\/05\/Unbenannt-2-3-1536x1086.jpg 1536w, https:\/\/lese-maskottchen.at\/wp-content\/uploads\/2022\/05\/Unbenannt-2-3-2048x1448.jpg 2048w\" sizes=\"auto, (max-width: 2560px) 100vw, 2560px\" \/><div class=\"wp-block-cover__inner-container is-layout-flow wp-block-cover-is-layout-flow\">\n<h1 class=\"has-text-align-center has-text-color wp-block-heading\" style=\"color:#ff0000\">Informationen f\u00fcr die Eltern<\/h1>\n<\/div><\/div>\n\n\n\n<div class=\"wp-block-group\"><div class=\"wp-block-group__inner-container is-layout-flow wp-block-group-is-layout-flow\">\n<div style=\"height:100px\" aria-hidden=\"true\" class=\"wp-block-spacer\"><\/div>\n\n\n\n<p class=\"has-text-color\" style=\"color:#ff9500\"><strong>Liebe Eltern,<\/strong><br><strong>Liebe Erziehungsberechitgte!<\/strong><\/p>\n\n\n\n<p>Kreativit\u00e4t entwickelt sich in jungen Jahren. Besonders Kinder verf\u00fcgen \u00fcber die uneingeschr\u00e4nkte, sch\u00f6pferischer Freiheit als auch M\u00f6glichkeit, sich kreativ auszudr\u00fccken. Darum m\u00f6chten wir die jungen K\u00fcnstlerinnen und K\u00fcnstler aufrufen, ein Maskottchen zu erschaffen. Ermutigen Sie Ihr Kind mitzumachen und begleiten Sie ihr Kind bei einer gro\u00dfartigen Entdeckungsreise.<\/p>\n\n\n\n<div style=\"height:10px\" aria-hidden=\"true\" class=\"wp-block-spacer\"><\/div>\n\n\n\n<p><strong>Das ist wichtig f\u00fcr Sie:<\/strong><\/p>\n\n\n\n<ul class=\"wp-block-list\"><li>Wir ben\u00f6tigen Ihr Einverst\u00e4ndnis, das Werk Ihres Kindes verwenden zu d\u00fcrfen: bitte unterschreiben Sie die Erkl\u00e4rung und geben Sie es Ihrem Kind in die Schule mit.<\/li><li>F\u00f6rdern Sie die Kreativit\u00e4t Ihres Kindes, z.B. durch gemeinsames Lesen bzw. fragen Sie es, wie es sich das Maskottchen vorstellt.<\/li><li>Die Werke werden in den Schulen geschaffen und gesammelt an uns \u00fcbermittelt.<\/li><li>Dr\u00fccken Sie Ihrem Kind die Daumen, denn die\/der Erfinder\/in des Gewinnermaskottchenserh\u00e4lt ein Entertainment-Paket f\u00fcr die ganze Familie!<\/li><\/ul>\n\n\n\n<p>Den Elterninformations-Folder mit der Einverst\u00e4ndniserkl\u00e4rung finden Sie hier<em>.<\/em><\/p>\n<\/div><\/div>\n\n\n\n<figure class=\"wp-block-image size-large is-resized\"><img loading=\"lazy\" decoding=\"async\" src=\"https:\/\/lese-maskottchen.at\/wp-content\/uploads\/2022\/05\/SeiteEltern-1-465x1024.jpg\" alt=\"\" class=\"wp-image-599\" width=\"197\" height=\"433\" srcset=\"https:\/\/lese-maskottchen.at\/wp-content\/uploads\/2022\/05\/SeiteEltern-1-465x1024.jpg 465w, https:\/\/lese-maskottchen.at\/wp-content\/uploads\/2022\/05\/SeiteEltern-1-136x300.jpg 136w, https:\/\/lese-maskottchen.at\/wp-content\/uploads\/2022\/05\/SeiteEltern-1-768x1689.jpg 768w, https:\/\/lese-maskottchen.at\/wp-content\/uploads\/2022\/05\/SeiteEltern-1-698x1536.jpg 698w, https:\/\/lese-maskottchen.at\/wp-content\/uploads\/2022\/05\/SeiteEltern-1-931x2048.jpg 931w, https:\/\/lese-maskottchen.at\/wp-content\/uploads\/2022\/05\/SeiteEltern-1-scaled.jpg 1164w\" sizes=\"auto, (max-width: 197px) 100vw, 197px\" \/><\/figure>\n\n\n\n<div style=\"height:20px\" aria-hidden=\"true\" class=\"wp-block-spacer\"><\/div>\n\n\n\n<div class=\"wp-block-buttons is-layout-flex wp-block-buttons-is-layout-flex\">\n<div class=\"wp-block-button is-style-primary\"><a class=\"wp-block-button__link\" href=\"https:\/\/lese-maskottchen.at\/wp-content\/uploads\/2022\/05\/BGLD-Lese-Maskottchen_Eltern-Info_20220523_Email1.pdf\" target=\"_blank\" rel=\"noreferrer noopener\">PDF Download<\/a><\/div>\n<\/div>\n\n\n\n<div style=\"height:100px\" aria-hidden=\"true\" class=\"wp-block-spacer\"><\/div>\n","protected":false},"excerpt":{"rendered":"<p>Liebe Eltern,Liebe Erziehungsberechitgte! Kreativit\u00e4t entwickelt sich in jungen Jahren. Besonders Kinder verf\u00fcgen \u00fcber die uneingeschr\u00e4nkte, sch\u00f6pferischer Freiheit als auch M\u00f6glichkeit, sich kreativ auszudr\u00fccken. Darum m\u00f6chten wir die jungen K\u00fcnstlerinnen und K\u00fcnstler aufrufen, ein Maskottchen zu erschaffen. Ermutigen Sie Ihr Kind mitzumachen und begleiten Sie ihr Kind bei einer gro\u00dfartigen Entdeckungsreise. Das ist wichtig f\u00fcr Sie:&hellip;&nbsp;<a href=\"https:\/\/lese-maskottchen.at\/index.php\/eltern-informationen\/\" class=\"\" rel=\"bookmark\">Weiterlesen &raquo;<span class=\"screen-reader-text\">Eltern-Informationen<\/span><\/a><\/p>\n","protected":false},"author":2,"featured_media":0,"parent":0,"menu_order":0,"comment_status":"closed","ping_status":"closed","template":"","meta":{"neve_meta_sidebar":"","neve_meta_container":"contained","neve_meta_enable_content_width":"on","neve_meta_content_width":100,"neve_meta_title_alignment":"","neve_meta_author_avatar":"","neve_post_elements_order":"","neve_meta_disable_header":"","neve_meta_disable_footer":"","neve_meta_disable_title":"on","footnotes":""},"class_list":["post-392","page","type-page","status-publish","hentry"],"_links":{"self":[{"href":"https:\/\/lese-maskottchen.at\/index.php\/wp-json\/wp\/v2\/pages\/392","targetHints":{"allow":["GET"]}}],"collection":[{"href":"https:\/\/lese-maskottchen.at\/index.php\/wp-json\/wp\/v2\/pages"}],"about":[{"href":"https:\/\/lese-maskottchen.at\/index.php\/wp-json\/wp\/v2\/types\/page"}],"author":[{"embeddable":true,"href":"https:\/\/lese-maskottchen.at\/index.php\/wp-json\/wp\/v2\/users\/2"}],"replies":[{"embeddable":true,"href":"https:\/\/lese-maskottchen.at\/index.php\/wp-json\/wp\/v2\/comments?post=392"}],"version-history":[{"count":20,"href":"https:\/\/lese-maskottchen.at\/index.php\/wp-json\/wp\/v2\/pages\/392\/revisions"}],"predecessor-version":[{"id":732,"href":"https:\/\/lese-maskottchen.at\/index.php\/wp-json\/wp\/v2\/pages\/392\/revisions\/732"}],"wp:attachment":[{"href":"https:\/\/lese-maskottchen.at\/index.php\/wp-json\/wp\/v2\/media?parent=392"}],"curies":[{"name":"wp","href":"https:\/\/api.w.org\/{rel}","templated":true}]}}