{"id":308,"date":"2020-01-13T11:17:52","date_gmt":"2020-01-13T11:17:52","guid":{"rendered":"https:\/\/demosites.io\/web-agency-gb\/?page_id=5"},"modified":"2022-12-05T17:36:43","modified_gmt":"2022-12-05T17:36:43","slug":"15c42-web-agency-gb-home","status":"publish","type":"page","link":"https:\/\/lese-maskottchen.at\/","title":{"rendered":"Home"},"content":{"rendered":"\n<div class=\"wp-block-cover alignfull is-light\" style=\"min-height:700px;aspect-ratio:unset;\"><span aria-hidden=\"true\" class=\"wp-block-cover__background has-background-dim-0 has-background-dim\"><\/span><img loading=\"lazy\" decoding=\"async\" width=\"2560\" height=\"1810\" class=\"wp-block-cover__image-background wp-image-367\" alt=\"\" src=\"https:\/\/lese-maskottchen.at\/wp-content\/uploads\/2022\/05\/Unbenannt-2-3-scaled.jpg\" style=\"object-position:50% 80%\" data-object-fit=\"cover\" data-object-position=\"50% 80%\" srcset=\"https:\/\/lese-maskottchen.at\/wp-content\/uploads\/2022\/05\/Unbenannt-2-3-scaled.jpg 2560w, https:\/\/lese-maskottchen.at\/wp-content\/uploads\/2022\/05\/Unbenannt-2-3-300x212.jpg 300w, https:\/\/lese-maskottchen.at\/wp-content\/uploads\/2022\/05\/Unbenannt-2-3-1024x724.jpg 1024w, https:\/\/lese-maskottchen.at\/wp-content\/uploads\/2022\/05\/Unbenannt-2-3-768x543.jpg 768w, https:\/\/lese-maskottchen.at\/wp-content\/uploads\/2022\/05\/Unbenannt-2-3-1536x1086.jpg 1536w, https:\/\/lese-maskottchen.at\/wp-content\/uploads\/2022\/05\/Unbenannt-2-3-2048x1448.jpg 2048w\" sizes=\"auto, (max-width: 2560px) 100vw, 2560px\" \/><div class=\"wp-block-cover__inner-container is-layout-flow wp-block-cover-is-layout-flow\">\n<div style=\"height:63px\" aria-hidden=\"true\" class=\"wp-block-spacer\"><\/div>\n\n\n\n<h1 class=\"has-text-align-center SchriftRot has-text-color wp-block-heading\" style=\"color:#ff0000\">Danke f\u00fcr die vielen Einreichungen!<\/h1>\n\n\n\n<h3 class=\"has-text-align-center SchriftRot has-neve-text-color-color has-text-color wp-block-heading\">H\u00f6r dir an, was das Maskottchen zu sagen hat:<\/h3>\n\n\n<div class=\"wp-block-image\">\n<figure class=\"aligncenter size-medium is-resized\"><a href=\"https:\/\/lese-maskottchen.at\/wp-content\/uploads\/2022\/12\/Lesemaskottchen_Danke.mp3\" target=\"_blank\" rel=\"noopener\"><img loading=\"lazy\" decoding=\"async\" src=\"https:\/\/lese-maskottchen.at\/wp-content\/uploads\/2022\/05\/Lupe-300x300.png\" alt=\"\" class=\"wp-image-630\" width=\"310\" height=\"310\" srcset=\"https:\/\/lese-maskottchen.at\/wp-content\/uploads\/2022\/05\/Lupe-300x300.png 300w, https:\/\/lese-maskottchen.at\/wp-content\/uploads\/2022\/05\/Lupe-1024x1024.png 1024w, https:\/\/lese-maskottchen.at\/wp-content\/uploads\/2022\/05\/Lupe-150x150.png 150w, https:\/\/lese-maskottchen.at\/wp-content\/uploads\/2022\/05\/Lupe-768x769.png 768w, https:\/\/lese-maskottchen.at\/wp-content\/uploads\/2022\/05\/Lupe-1534x1536.png 1534w, https:\/\/lese-maskottchen.at\/wp-content\/uploads\/2022\/05\/Lupe-2045x2048.png 2045w\" sizes=\"auto, (max-width: 310px) 100vw, 310px\" \/><\/a><\/figure>\n<\/div>\n\n\n<div class=\"wp-block-columns is-layout-flex wp-container-core-columns-is-layout-9d6595d7 wp-block-columns-is-layout-flex\">\n<div class=\"wp-block-column is-layout-flow wp-block-column-is-layout-flow\"><\/div>\n\n\n\n<div class=\"wp-block-column is-layout-flow wp-block-column-is-layout-flow\">\n<figure class=\"wp-block-audio\"><audio controls src=\"https:\/\/lese-maskottchen.at\/wp-content\/uploads\/2022\/12\/Lesemaskottchen_Danke.mp3\"><\/audio><\/figure>\n<\/div>\n\n\n\n<div class=\"wp-block-column is-layout-flow wp-block-column-is-layout-flow\"><\/div>\n<\/div>\n\n\n\n<div style=\"height:50px\" aria-hidden=\"true\" class=\"wp-block-spacer\"><\/div>\n\n\n\n<div style=\"height:8px\" aria-hidden=\"true\" class=\"wp-block-spacer\"><\/div>\n\n\n\n<div style=\"height:40px\" aria-hidden=\"true\" class=\"wp-block-spacer\"><\/div>\n<\/div><\/div>\n\n\n\n<div style=\"height:100px\" aria-hidden=\"true\" class=\"wp-block-spacer\"><\/div>\n\n\n\n<div class=\"wp-block-columns is-layout-flex wp-container-core-columns-is-layout-9d6595d7 wp-block-columns-is-layout-flex\">\n<div class=\"wp-block-column is-layout-flow wp-block-column-is-layout-flow\" style=\"flex-basis:100%\">\n<p class=\"has-text-color\" style=\"color:#ff9500\"><strong>Liebe Burgenl\u00e4nderinnen,<br>Liebe Burgenl\u00e4nder!<\/strong><\/p>\n\n\n\n<p>Wir, das Bildungsland Burgenland m\u00f6chten mit dem Kreativ-Wettbewerb \u201eMaskottchen gesucht\u201c Sch\u00fclerinnen und \u2013sch\u00fcler in den Volksschulen und Allgemeinen Sonderschulen f\u00fcr das Lesen begeistern. Die Kinder sollen ein Maskottchen erschaffen, das als Superheld\/-in des Lesens gilt. Ab dem Schuljahr 2022\/23 wird es Botschafter\/-in des Lesens f\u00fcr alle burgenl\u00e4ndischen Sch\u00fclerinnen und Sch\u00fcler sein.<\/p>\n\n\n\n<p>Im Unterricht entwerfen die Kinder ihre\/-n pers\u00f6nliche Superheldin oder Superhelden: gezeichnet, gemalt, gebastelt oder am Computer\/Tablet kreiert \u2013 der Kreativit\u00e4t der Kinder sind keine Grenzen gesetzt. Neben Form und Aussehen sollen sie dem Maskottchen auch einen Namen geben und Charaktereigenschaften zuordnen.<\/p>\n<\/div>\n\n\n\n<div class=\"wp-block-column is-layout-flow wp-block-column-is-layout-flow\" style=\"flex-basis:100%\"><div class=\"wp-block-image\">\n<figure class=\"aligncenter size-medium\"><img loading=\"lazy\" decoding=\"async\" width=\"300\" height=\"300\" src=\"https:\/\/lese-maskottchen.at\/wp-content\/uploads\/2022\/05\/winkler-300x300.png\" alt=\"Daniela Winkler\" class=\"wp-image-662\" srcset=\"https:\/\/lese-maskottchen.at\/wp-content\/uploads\/2022\/05\/winkler-300x300.png 300w, https:\/\/lese-maskottchen.at\/wp-content\/uploads\/2022\/05\/winkler-150x150.png 150w, https:\/\/lese-maskottchen.at\/wp-content\/uploads\/2022\/05\/winkler.png 434w\" sizes=\"auto, (max-width: 300px) 100vw, 300px\" \/><figcaption class=\"wp-element-caption\">Landesr\u00e4tin Daniela Winkler<\/figcaption><\/figure>\n<\/div><\/div>\n<\/div>\n\n\n\n<div class=\"wp-block-cp-timeline-content-timeline Cool-Content-Timeline\"><div class=\"cool-timeline-block-99f95cda-a4a8-4295-b4a6-7144d3d9b0ac\"><style scoped=\"true\">.cool-timeline-block-99f95cda-a4a8-4295-b4a6-7144d3d9b0ac .cool-vertical-timeline-body .story-details h3{font-size: 30.3px;}.cool-timeline-block-99f95cda-a4a8-4295-b4a6-7144d3d9b0ac .cool-horizontal-timeline-body .story-details h3{font-size: 30.3px;}.cool-timeline-block-99f95cda-a4a8-4295-b4a6-7144d3d9b0ac .cool-vertical-timeline-body .story-time p{color: #000000;}.cool-timeline-block-99f95cda-a4a8-4295-b4a6-7144d3d9b0ac .cool-horizontal-timeline-body .story-time p{color: #000000;}.cool-timeline-block-99f95cda-a4a8-4295-b4a6-7144d3d9b0ac .cool-vertical-timeline-body::before{background: linear-gradient(to bottom, rgba(230, 230, 230, 0) 0%, #f00 10%, #f00 90%, rgba(230, 230, 230, 0) 100%);}.cool-timeline-block-99f95cda-a4a8-4295-b4a6-7144d3d9b0ac .cool-horizontal-timeline-body .timeline-content::before{background: #f00;}.cool-timeline-block-99f95cda-a4a8-4295-b4a6-7144d3d9b0ac .cool-horizontal-timeline-body .timeline-content::after{background: #f00;}.cool-timeline-block-99f95cda-a4a8-4295-b4a6-7144d3d9b0ac .cool-vertical-timeline-body .timeline-content::before{background: #f00 !important;}.cool-timeline-block-99f95cda-a4a8-4295-b4a6-7144d3d9b0ac .cool-vertical-timeline-body.left .story-details::after{background: #f00 !important;}.cool-timeline-block-99f95cda-a4a8-4295-b4a6-7144d3d9b0ac .cool-vertical-timeline-body.right .story-time::after{background: #f00 !important;}.cool-timeline-block-99f95cda-a4a8-4295-b4a6-7144d3d9b0ac .cool-vertical-timeline-body .timeline-content .timeline-block-icon{background: #D91B3E !important;}.cool-timeline-block-99f95cda-a4a8-4295-b4a6-7144d3d9b0ac .cool-horizontal-timeline-body .timeline-content .timeline-block-icon{background: #D91B3E !important;}.cool-timeline-block-99f95cda-a4a8-4295-b4a6-7144d3d9b0ac .cool-vertical-timeline-body.both-sided .timeline-content .position-right .story-details::before{border-right-color: #f00 !important;}.cool-timeline-block-99f95cda-a4a8-4295-b4a6-7144d3d9b0ac .cool-vertical-timeline-body.both-sided .timeline-content .position-left  .story-details::before{border-left-color: #f00 !important;}.cool-timeline-block-99f95cda-a4a8-4295-b4a6-7144d3d9b0ac .cool-vertical-timeline-body.one-sided.left .timeline-content  .story-details::before{border-right-color: #f00 !important;}.cool-timeline-block-99f95cda-a4a8-4295-b4a6-7144d3d9b0ac .cool-vertical-timeline-body.one-sided.right .timeline-content  .story-details::before{border-left-color: #f00 !important;}.cool-timeline-block-99f95cda-a4a8-4295-b4a6-7144d3d9b0ac .cool-vertical-timeline-body .timeline-content  .story-details{border-color: #f00 !important;}.cool-timeline-block-99f95cda-a4a8-4295-b4a6-7144d3d9b0ac .cool-horizontal-timeline-body .timeline-content .ctl-row .ctl-6.timeline-block-detail::before{border-bottom-color: #f00 !important;}.cool-timeline-block-99f95cda-a4a8-4295-b4a6-7144d3d9b0ac .cool-horizontal-timeline-body .ctl-6.timeline-block-detail{border-top-color: #f00 !important;}.cool-timeline-block-99f95cda-a4a8-4295-b4a6-7144d3d9b0ac .cool-vertical-timeline-body .timeline-content  .timeline-block-icon{border-color: #f00FF !important;}.cool-timeline-block-99f95cda-a4a8-4295-b4a6-7144d3d9b0ac .cool-horizontal-timeline-body .swiper-button-next{color: #f00;}.cool-timeline-block-99f95cda-a4a8-4295-b4a6-7144d3d9b0ac .cool-horizontal-timeline-body .swiper-button-prev{color: #f00;}.cool-timeline-block-99f95cda-a4a8-4295-b4a6-7144d3d9b0ac .cool-horizontal-timeline-body .swiper-pagination-bullet-active{background: #f00;}.cool-timeline-block-99f95cda-a4a8-4295-b4a6-7144d3d9b0ac .icon-true .timeline-block-icon span.timeline-block-render-icon svg{fill: #f00;}<\/style><div class=\"cool-vertical-timeline-body one-sided left\"><div class=\"cool-timeline-block-list\">\n<div class=\"wp-block-cp-timeline-content-timeline-child swiper-slide\"><div class=\"timeline-content icon-true \"><div class=\" timeline-block-timeline ctl-row  position-right\"><div class=\"ctl-6 timeline-block-time\"><div class=\"story-time\"><p>19. Mai<\/p><\/div><\/div><div class=\"timeline-block-icon\"><span class=\"timeline-block-render-icon\" style=\"fill:white\"><svg xmlns=\"http:\/\/www.w3.org\/2000\/svg\" viewBox=\"0 0 512 512\"><path d=\"M505.12019,19.09375c-1.18945-5.53125-6.65819-11-12.207-12.1875C460.716,0,435.507,0,410.40747,0,307.17523,0,245.26909,55.20312,199.05238,128H94.83772c-16.34763.01562-35.55658,11.875-42.88664,26.48438L2.51562,253.29688A28.4,28.4,0,0,0,0,264a24.00867,24.00867,0,0,0,24.00582,24H127.81618l-22.47457,22.46875c-11.36521,11.36133-12.99607,32.25781,0,45.25L156.24582,406.625c11.15623,11.1875,32.15619,13.15625,45.27726,0l22.47457-22.46875V488a24.00867,24.00867,0,0,0,24.00581,24,28.55934,28.55934,0,0,0,10.707-2.51562l98.72834-49.39063c14.62888-7.29687,26.50776-26.5,26.50776-42.85937V312.79688c72.59753-46.3125,128.03493-108.40626,128.03493-211.09376C512.07526,76.5,512.07526,51.29688,505.12019,19.09375ZM384.04033,168A40,40,0,1,1,424.05,128,40.02322,40.02322,0,0,1,384.04033,168Z\"><\/path><\/svg><\/span><\/div><div class=\"ctl-6 timeline-block-detail\"><div class=\"story-details\"><div class=\"story-content\"><h3>Startschuss<\/h3><p><\/p><\/div><\/div><\/div><\/div><\/div><\/div>\n\n\n\n<div class=\"wp-block-cp-timeline-content-timeline-child swiper-slide\"><div class=\"timeline-content icon-false \"><div class=\" timeline-block-timeline ctl-row  position-left\"><div class=\"ctl-6 timeline-block-time\"><div class=\"story-time\"><p>Anfang Juni<\/p><\/div><\/div><div class=\"timeline-block-icon\"><\/div><div class=\"ctl-6 timeline-block-detail\"><div class=\"story-details\"><div class=\"story-content\"><h3>Einverst\u00e4ndniserkl\u00e4rung den Kindern mit nach Hause geben<\/h3><p><\/p><\/div><\/div><\/div><\/div><\/div><\/div>\n\n\n\n<div class=\"wp-block-cp-timeline-content-timeline-child swiper-slide\"><div class=\"timeline-content icon-false \"><div class=\" timeline-block-timeline ctl-row  position-right\"><div class=\"ctl-6 timeline-block-time\"><div class=\"story-time\"><p>Mitte Juni<\/p><\/div><\/div><div class=\"timeline-block-icon\"><\/div><div class=\"ctl-6 timeline-block-detail\"><div class=\"story-details\"><div class=\"story-content\"><h3>Einverst\u00e4ndniserkl\u00e4rung zur\u00fcck und Kreation der Maskottchen<\/h3><p><\/p><\/div><\/div><\/div><\/div><\/div><\/div>\n\n\n\n<div class=\"wp-block-cp-timeline-content-timeline-child swiper-slide\"><div class=\"timeline-content icon-true \"><div class=\" timeline-block-timeline ctl-row  position-left\"><div class=\"ctl-6 timeline-block-time\"><div class=\"story-time\"><p>Bis 21. Juni<\/p><\/div><\/div><div class=\"timeline-block-icon\"><span class=\"timeline-block-render-icon\" style=\"fill:white\"><svg xmlns=\"http:\/\/www.w3.org\/2000\/svg\" viewBox=\"0 0 512 512\"><path d=\"M16 288c-8.8 0-16 7.2-16 16v32c0 8.8 7.2 16 16 16h112v-64zm489-183L407.1 7c-4.5-4.5-10.6-7-17-7H384v128h128v-6.1c0-6.3-2.5-12.4-7-16.9zm-153 31V0H152c-13.3 0-24 10.7-24 24v264h128v-65.2c0-14.3 17.3-21.4 27.4-11.3L379 308c6.6 6.7 6.6 17.4 0 24l-95.7 96.4c-10.1 10.1-27.4 3-27.4-11.3V352H128v136c0 13.3 10.7 24 24 24h336c13.3 0 24-10.7 24-24V160H376c-13.2 0-24-10.8-24-24z\"><\/path><\/svg><\/span><\/div><div class=\"ctl-6 timeline-block-detail\"><div class=\"story-details\"><div class=\"story-content\"><h3>Abgabe der Kreationen in den zust\u00e4ndigen Stellen<\/h3><p><\/p><\/div><\/div><\/div><\/div><\/div><\/div>\n\n\n\n<div class=\"wp-block-cp-timeline-content-timeline-child swiper-slide\"><div class=\"timeline-content icon-false \"><div class=\" timeline-block-timeline ctl-row  position-right\"><div class=\"ctl-6 timeline-block-time\"><div class=\"story-time\"><p>Aktuell<\/p><\/div><\/div><div class=\"timeline-block-icon\"><\/div><div class=\"ctl-6 timeline-block-detail\"><div class=\"story-details\"><div class=\"story-content\"><h3>Umsetzung des Lese-Maskottchens<\/h3><p><\/p><\/div><\/div><\/div><\/div><\/div><\/div>\n<\/div><\/div><\/div><\/div>\n\n\n\n<p><\/p>\n\n\n\n<p class=\"has-medium-font-size\">Wir bedanken uns f\u00fcr die vielen kreativen Einreichungen!<\/p>\n\n\n\n<p>Herzliche Gr\u00fc\u00dfe <\/p>\n\n\n\n<h4 class=\"wp-block-heading\">Landesr\u00e4tin Mag. (FH) Daniela Winkler<\/h4>\n\n\n\n<h4 class=\"wp-block-heading\">Bildungsdirektor Mag. Heinz Josef Zitz<\/h4>\n\n\n\n<div style=\"height:100px\" aria-hidden=\"true\" class=\"wp-block-spacer\"><\/div>\n","protected":false},"excerpt":{"rendered":"<p>Liebe Burgenl\u00e4nderinnen,Liebe Burgenl\u00e4nder! Wir, das Bildungsland Burgenland m\u00f6chten mit dem Kreativ-Wettbewerb \u201eMaskottchen gesucht\u201c Sch\u00fclerinnen und \u2013sch\u00fcler in den Volksschulen und Allgemeinen Sonderschulen f\u00fcr das Lesen begeistern. Die Kinder sollen ein Maskottchen erschaffen, das als Superheld\/-in des Lesens gilt. Ab dem Schuljahr 2022\/23 wird es Botschafter\/-in des Lesens f\u00fcr alle burgenl\u00e4ndischen Sch\u00fclerinnen und Sch\u00fcler sein. Im&hellip;&nbsp;<a href=\"https:\/\/lese-maskottchen.at\/\" class=\"\" rel=\"bookmark\">Weiterlesen &raquo;<span class=\"screen-reader-text\">Home<\/span><\/a><\/p>\n","protected":false},"author":1,"featured_media":0,"parent":0,"menu_order":0,"comment_status":"closed","ping_status":"closed","template":"","meta":{"neve_meta_sidebar":"default","neve_meta_container":"default","neve_meta_enable_content_width":"on","neve_meta_content_width":100,"neve_meta_title_alignment":"","neve_meta_author_avatar":"","neve_post_elements_order":"","neve_meta_disable_header":"","neve_meta_disable_footer":"","neve_meta_disable_title":"on","footnotes":""},"class_list":["post-308","page","type-page","status-publish","hentry"],"_links":{"self":[{"href":"https:\/\/lese-maskottchen.at\/index.php\/wp-json\/wp\/v2\/pages\/308","targetHints":{"allow":["GET"]}}],"collection":[{"href":"https:\/\/lese-maskottchen.at\/index.php\/wp-json\/wp\/v2\/pages"}],"about":[{"href":"https:\/\/lese-maskottchen.at\/index.php\/wp-json\/wp\/v2\/types\/page"}],"author":[{"embeddable":true,"href":"https:\/\/lese-maskottchen.at\/index.php\/wp-json\/wp\/v2\/users\/1"}],"replies":[{"embeddable":true,"href":"https:\/\/lese-maskottchen.at\/index.php\/wp-json\/wp\/v2\/comments?post=308"}],"version-history":[{"count":125,"href":"https:\/\/lese-maskottchen.at\/index.php\/wp-json\/wp\/v2\/pages\/308\/revisions"}],"predecessor-version":[{"id":761,"href":"https:\/\/lese-maskottchen.at\/index.php\/wp-json\/wp\/v2\/pages\/308\/revisions\/761"}],"wp:attachment":[{"href":"https:\/\/lese-maskottchen.at\/index.php\/wp-json\/wp\/v2\/media?parent=308"}],"curies":[{"name":"wp","href":"https:\/\/api.w.org\/{rel}","templated":true}]}}